{"id":17,"date":"2022-04-10T18:16:55","date_gmt":"2022-04-10T16:16:55","guid":{"rendered":"https:\/\/bilkabaloh.si\/?post_type=product&#038;p=17"},"modified":"2024-12-17T11:42:47","modified_gmt":"2024-12-17T10:42:47","slug":"post-siri-zavest","status":"publish","type":"product","link":"https:\/\/bilkabaloh.si\/en\/trgovina\/post-siri-zavest\/","title":{"rendered":"Post \u0161iri zavest &#8211; modrost celi\u010dne inteligence"},"content":{"rendered":"<p><strong>Post \u0161iri zavest: Modrost celi\u010dne inteligence<\/strong> je nadaljevanje uspe\u0161nice <strong>Post, seme zdravja<\/strong>, kjer avtorica ponudi \u0161e globlji vpogled v <strong>terapevtsko postenje<\/strong>. Poudarek je na najnovej\u0161ih znanstvenih raziskavah, vklju\u010dno z ugotovitvami klinike dr. <strong>Otto Buchinger<\/strong> v Nem\u010diji. Knjiga podrobno opisuje, kako telo deluje med postom, ko se mu ne dovaja trde hrane, in razkriva:<\/p>\n<ul>\n<li><strong>Kako se \u010drevesna flora spreminja:<\/strong> \u0160kodljive bakterije se zmanj\u0161ujejo, medtem ko se pove\u010duje prisotnost koristnih bakterij, kot je <em>Christensenella minuta<\/em>, ki je klju\u010dna za uravnavanje telesne te\u017ee.<\/li>\n<li><strong>Sinteza beljakovin:<\/strong> Med postom se sintetizirajo beljakovine, ki prepre\u010dujejo oksidativni stres in izbolj\u0161ujejo celi\u010dno obnavljanje.<\/li>\n<\/ul>\n<h3>Zgodovinski in filozofski vidik:<\/h3>\n<p>Avtorica raziskuje, kako so <strong>\u010di\u0161\u010denje telesa<\/strong> izvajali na\u0161i predniki pred ve\u010d tiso\u010d leti. Spoznali boste:<\/p>\n<ul>\n<li><strong>Prakse Esenov:<\/strong> Prvi filozofi z edinstvenim \u017eivljenjskim slogom, ki so izvajali sistemati\u010dno \u010di\u0161\u010denje telesa.<\/li>\n<li><strong>Ajurvedo:<\/strong> Starodavna indijska medicinska znanost, iz katere \u0161e danes \u010drpajo znanje mnoge kulture, vklju\u010dno z zahodno medicino.<\/li>\n<\/ul>\n<h3>Dodatne teme:<\/h3>\n<ul>\n<li><strong>Biofotonsko prehranjevanje in meditacija:<\/strong> Znanstveno dokazani pristopi za zmanj\u0161anje stresa, premagovanje depresije in anksioznosti.<\/li>\n<li><strong>Epigenetika in celi\u010dna inteligenca:<\/strong> Kako post vpliva na delovanje celic in njihovo sposobnost prilagajanja okolju.<\/li>\n<\/ul>\n<p>Knjigo bogatijo tudi resni\u010dne zgodbe posameznikov, ki so s postenjem premagali resne zdravstvene te\u017eave, kot so <strong>rak, okrevanje po kemoterapiji<\/strong> in <strong>izgorelost<\/strong>.<\/p>\n<h3>Strokovne recenzije:<\/h3>\n<p>Knjigo spremlja strokovna recenzija <strong>Polone Mali, dr. med.<\/strong> iz Zavoda za transfuzijo krvi. Svoje poglede na temo prispevata tudi zobozdravnik <strong>Bojan Vindi\u0161, dr. dent. med.<\/strong>, in <strong>Du\u0161an Osojnik<\/strong> iz Centra Zen.<\/p>\n<p><em>Poglobite svoje razumevanje postenja, pove\u017eite se z modrostjo lastnega telesa in prebudite celi\u010dno inteligenco za zdravje in vitalnost.<\/em><\/p>\n","protected":false},"excerpt":{"rendered":"<p><em>Nadaljevanje knjige <strong>Post, seme zdravja<\/strong>, ki prina\u0161a poglobljen vpogled v terapevtsko &#8230; <\/p>\n","protected":false},"featured_media":33,"template":"","meta":{"inline_featured_image":false},"product_brand":[],"product_cat":[16],"product_tag":[],"class_list":{"0":"post-17","1":"product","2":"type-product","3":"status-publish","4":"has-post-thumbnail","6":"product_cat-knjige","8":"first","9":"instock","10":"shipping-taxable","11":"purchasable","12":"product-type-simple"},"_links":{"self":[{"href":"https:\/\/bilkabaloh.si\/en\/wp-json\/wp\/v2\/product\/17","targetHints":{"allow":["GET"]}}],"collection":[{"href":"https:\/\/bilkabaloh.si\/en\/wp-json\/wp\/v2\/product"}],"about":[{"href":"https:\/\/bilkabaloh.si\/en\/wp-json\/wp\/v2\/types\/product"}],"wp:featuredmedia":[{"embeddable":true,"href":"https:\/\/bilkabaloh.si\/en\/wp-json\/wp\/v2\/media\/33"}],"wp:attachment":[{"href":"https:\/\/bilkabaloh.si\/en\/wp-json\/wp\/v2\/media?parent=17"}],"wp:term":[{"taxonomy":"product_brand","embeddable":true,"href":"https:\/\/bilkabaloh.si\/en\/wp-json\/wp\/v2\/product_brand?post=17"},{"taxonomy":"product_cat","embeddable":true,"href":"https:\/\/bilkabaloh.si\/en\/wp-json\/wp\/v2\/product_cat?post=17"},{"taxonomy":"product_tag","embeddable":true,"href":"https:\/\/bilkabaloh.si\/en\/wp-json\/wp\/v2\/product_tag?post=17"}],"curies":[{"name":"wp","href":"https:\/\/api.w.org\/{rel}","templated":true}]}}