{"id":13,"date":"2022-04-10T18:08:40","date_gmt":"2022-04-10T16:08:40","guid":{"rendered":"https:\/\/bilkabaloh.si\/?post_type=product&#038;p=13"},"modified":"2024-12-17T11:29:53","modified_gmt":"2024-12-17T10:29:53","slug":"post-seme-zdravja","status":"publish","type":"product","link":"https:\/\/bilkabaloh.si\/en\/trgovina\/post-seme-zdravja\/","title":{"rendered":"Post, seme zdravja &#8211; skrivnostni zapiski"},"content":{"rendered":"<p><em>Post, seme zdravja<\/em> je izjemna knjiga, v kateri <strong>Bilka Baloh<\/strong> deli svoje dolgoletne izku\u0161nje ter izku\u0161nje ljudi, ki jih je vodila na poti do bolj\u0161ega zdravja in po\u010dutja. Knjiga prina\u0161a globok vpogled v <strong>terapevtsko postenje<\/strong> \u2013 metodo, ki ne vpliva le na telo, temve\u010d spodbuja tudi du\u0161evno, mentalno in duhovno preobrazbo.<\/p>\n<h3>Klju\u010dne teme:<\/h3>\n<ul>\n<li><strong>Zdravilna mo\u010d postenja:<\/strong> Postenje pomaga pri premagovanju vnetij, revmatoidnega artritisa, atopi\u010dnega dermatitisa, glavobolov in prebavnih te\u017eav, kot je zaprtje.<\/li>\n<li><strong>Razstrupljanje po kemoterapiji:<\/strong> Posebno pozornost posve\u010da izlo\u010danju strupov in izbolj\u0161anju stanja po zahtevnih terapijah.<\/li>\n<li><strong>\u010crevesni mikrobiom in vagusni \u017eivec:<\/strong> Poudarja pomen zdravega \u010drevesja, ki je tesno povezano z delovanjem imunskega sistema in vpliva na &#8220;druge mo\u017egane&#8221;.<\/li>\n<\/ul>\n<p>Pomlad je pravi \u010das za temeljito <strong>razstrupljanje telesa<\/strong> in odstranjevanje nakopi\u010denih toksinov iz medceli\u010dnine, ma\u0161\u010dobnega in vezivnega tkiva. Terapevtsko postenje, ki obnavlja <strong>celi\u010dno inteligenco<\/strong>, ni le pot do bolj\u0161ega zdravja, temve\u010d je tudi naravni vir pomlajevanja.<\/p>\n<p><em>Prebudite svoje telo in duha s celostnim pristopom, ki vam bo povrnil zdravje, energijo in ravnovesje!<\/em><\/p>\n","protected":false},"excerpt":{"rendered":"<p><em>Odkrijte mo\u010d terapevtskega postenja za varno razstrupljanje in obnovo celi\u010dnega zdravja.<\/em> &#8230; <\/p>\n","protected":false},"featured_media":34,"template":"","meta":{"inline_featured_image":false},"product_brand":[],"product_cat":[16],"product_tag":[],"class_list":{"0":"post-13","1":"product","2":"type-product","3":"status-publish","4":"has-post-thumbnail","6":"product_cat-knjige","8":"first","9":"instock","10":"shipping-taxable","11":"purchasable","12":"product-type-simple"},"_links":{"self":[{"href":"https:\/\/bilkabaloh.si\/en\/wp-json\/wp\/v2\/product\/13","targetHints":{"allow":["GET"]}}],"collection":[{"href":"https:\/\/bilkabaloh.si\/en\/wp-json\/wp\/v2\/product"}],"about":[{"href":"https:\/\/bilkabaloh.si\/en\/wp-json\/wp\/v2\/types\/product"}],"wp:featuredmedia":[{"embeddable":true,"href":"https:\/\/bilkabaloh.si\/en\/wp-json\/wp\/v2\/media\/34"}],"wp:attachment":[{"href":"https:\/\/bilkabaloh.si\/en\/wp-json\/wp\/v2\/media?parent=13"}],"wp:term":[{"taxonomy":"product_brand","embeddable":true,"href":"https:\/\/bilkabaloh.si\/en\/wp-json\/wp\/v2\/product_brand?post=13"},{"taxonomy":"product_cat","embeddable":true,"href":"https:\/\/bilkabaloh.si\/en\/wp-json\/wp\/v2\/product_cat?post=13"},{"taxonomy":"product_tag","embeddable":true,"href":"https:\/\/bilkabaloh.si\/en\/wp-json\/wp\/v2\/product_tag?post=13"}],"curies":[{"name":"wp","href":"https:\/\/api.w.org\/{rel}","templated":true}]}}